{"id":128,"date":"2022-02-22T22:54:55","date_gmt":"2022-02-22T22:54:55","guid":{"rendered":"https:\/\/tpdeblin.pl\/?page_id=128"},"modified":"2022-02-22T22:54:55","modified_gmt":"2022-02-22T22:54:55","slug":"wydawnictwa","status":"publish","type":"page","link":"https:\/\/tpdeblin.pl\/?page_id=128","title":{"rendered":"Wydawnictwa TPD"},"content":{"rendered":"<ul>\n<li><strong>\u201eHistoria 15-go pu\u0142ku piechoty Wilk\u00f3w szlak bojowy&#8221;<\/strong>, Stanis\u0142aw Przybyszewski, 1986<\/li>\n<li><strong>\u00a0\u201eTwierdza D\u0119blin&#8221;<\/strong>, Stanis\u0142aw Przybyszewski, 1987<\/li>\n<li><strong>\u201eD\u0119blin we wrze\u015bniu 1939&#8243;<\/strong>, Stanis\u0142aw Przybyszewski, 1989<\/li>\n<li><strong>\u201eZarys dziej\u00f3w D\u0119blina&#8221;<\/strong>, Andrzej Przedpe\u0142ski, Biuletyn Turystyczno &#8211; Krajoznawczy Przyjaciel D\u0119blina nr 48, 1991<\/li>\n<li><strong>\u201eIrena Haase &#8211; wspomnienia o mojej matce&#8221;<\/strong> Andrzej Haase, Biuletyn Turystyczno &#8211; Krajoznawczy Przyjaciel D\u0119blina nr 51, 1991<\/li>\n<li><strong>\u201eWojciech Le\u015bko Kostka&#8221;<\/strong>, Jerzy Zydek, Biuletyn Turystyczno &#8211; Krajoznawczy Przyjaciel D\u0119blina nr 52, 1991<\/li>\n<li><strong>\u201eIrena rynek&#8221;<\/strong> Krzysztof Rudnicki, Biuletyn Turystyczno &#8211; Krajoznawczy Przyjaciel D\u0119blina nr 53, 1991<\/li>\n<li><strong>\u201eD\u0119blin przewodnik historyczno- krajoznawczy\u201d<\/strong>, Andrzej \u0141uczy\u0144ski, Andrzej Przedpe\u0142ski, 1998<\/li>\n<li><strong>\u201eTwierdza D\u0119blin&#8221;<\/strong>, Jerzy Trzaskowski, 2000<\/li>\n<li><strong>\u201eBalonna mi\u0119dzynarodowy cmentarz wojenny w D\u0119blinie&#8221;<\/strong>, Zbigniew Fija\u0142kowski, 2001<\/li>\n<li><strong>\u201eW\u0119dr\u00f3wka, wyb\u00f3r wierszy&#8221;<\/strong>, Zofia Plewko, 2002<\/li>\n<li><strong>\u201eGen. bryg. Boles\u0142aw Frej. Dow\u00f3dca Obozu Warownego D\u0119blin 1921-1927&#8243;<\/strong>, Zbigniew Fija\u0142kowski, Ewa Skrzypiec, 2003<\/li>\n<li><strong>\u201eKonfederacja Go\u0142\u0105bska, z kart historii miejscowo\u015bci&#8221;<\/strong>, Stanis\u0142aw \u015amich, 2003<\/li>\n<li><strong>\u201eD\u0119blin w grafice&#8221;<\/strong>, Marcin Przydatek, komplet 8 widok\u00f3wek, 2004<\/li>\n<li><strong>\u201eD\u0119bli\u0144scy Sprawiedliwi\u201d<\/strong>, Ma\u0142gorzata Iwaniec, Bo\u017cena Chici\u0144ska, 2009<\/li>\n<li><strong>\u201eTwierdza \u015bmierci. Stalag 307\u201d<\/strong>, Tadeusz Opieka, 2010<\/li>\n<li><strong>\u201eLotnicze refleksje\u201d,<\/strong> Andrzej Przedpe\u0142ski, 2010<\/li>\n<li><strong>\u201eKuchnia regionalna D\u0119blina i okolic\u201d,<\/strong> Teresa Flont, Gra\u017cyna Szczepa\u0144ska, Marta Szpadzik, 2010<\/li>\n<li><strong>\u201eD\u0119blin i okolice w pierwszych dniach II Wojny \u015awiatowej\u201d<\/strong>, praca zbiorowa, 2010<\/li>\n<li><strong>\u201eTwierdza Iwangorod D\u0119blin 1837- 1944\u201d<\/strong>, Jerzy Trzaskowski, 2011<\/li>\n<li><strong>\u201eId\u0105c przez \u017cycie wyb\u00f3r wierszy\u201d<\/strong>, Jolanta Kara\u015b, 2012<\/li>\n<li><strong>\u201eKalendarium D\u0119blina\u201d,<\/strong> Gra\u017cyna Szczepa\u0144ska, 2014<\/li>\n<li><strong>\u201eRozw\u00f3j i zag\u0142ada spo\u0142eczno\u015bci \u017cydowskiej w D\u0119blinie w latach 1837- 1947\u201d<\/strong>, Ma\u0142gorzata Iwaniec, Tadeusz Opieka, 2015<\/li>\n<li><strong>\u201eHarcerstwo w D\u0119blinie i okolicy\u201d<\/strong>, Ma\u0142gorzata Iwaniec, 2016<\/li>\n<li><strong>\u201eZ przesz\u0142o\u015bci D\u0119blina\u201d<\/strong>, Jerzy Zydek, Gra\u017cyna Szczepa\u0144ska, 2017<\/li>\n<li><strong>\u201eGroby masowe. Cmentarze i miejsca poch\u00f3wk\u00f3w\u201d<\/strong>, Tadeusz Opieka, 2017<\/li>\n<li><strong>\u201eLubelszczyzna przemierzona pod wiatr\u201d<\/strong>, Cezary Pyrka, 2018<\/li>\n<li><strong>\u201eKo\u015bcio\u0142y, kaplice, kapliczki i krzy\u017ce w D\u0119blinie\u201d,<\/strong> praca zbiorowa, 2019<\/li>\n<\/ul>\n","protected":false},"excerpt":{"rendered":"<p>\u201eHistoria 15-go pu\u0142ku piechoty Wilk\u00f3w szlak bojowy&#8221;, Stanis\u0142aw Przybyszewski, 1986 \u00a0\u201eTwierdza D\u0119blin&#8221;, Stanis\u0142aw Przybyszewski, 1987 \u201eD\u0119blin we wrze\u015bniu 1939&#8243;, Stanis\u0142aw [&hellip;]<\/p>\n","protected":false},"author":1,"featured_media":0,"parent":0,"menu_order":0,"comment_status":"closed","ping_status":"closed","template":"","meta":{"site-sidebar-layout":"default","site-content-layout":"","ast-site-content-layout":"default","site-content-style":"default","site-sidebar-style":"default","ast-global-header-display":"","ast-banner-title-visibility":"","ast-main-header-display":"","ast-hfb-above-header-display":"","ast-hfb-below-header-display":"","ast-hfb-mobile-header-display":"","site-post-title":"","ast-breadcrumbs-content":"","ast-featured-img":"","footer-sml-layout":"","ast-disable-related-posts":"","theme-transparent-header-meta":"","adv-header-id-meta":"","stick-header-meta":"","header-above-stick-meta":"","header-main-stick-meta":"","header-below-stick-meta":"","astra-migrate-meta-layouts":"default","ast-page-background-enabled":"default","ast-page-background-meta":{"desktop":{"background-color":"var(--ast-global-color-5)","background-image":"","background-repeat":"repeat","background-position":"center center","background-size":"auto","background-attachment":"scroll","background-type":"","background-media":"","overlay-type":"","overlay-color":"","overlay-opacity":"","overlay-gradient":""},"tablet":{"background-color":"","background-image":"","background-repeat":"repeat","background-position":"center center","background-size":"auto","background-attachment":"scroll","background-type":"","background-media":"","overlay-type":"","overlay-color":"","overlay-opacity":"","overlay-gradient":""},"mobile":{"background-color":"","background-image":"","background-repeat":"repeat","background-position":"center center","background-size":"auto","background-attachment":"scroll","background-type":"","background-media":"","overlay-type":"","overlay-color":"","overlay-opacity":"","overlay-gradient":""}},"ast-content-background-meta":{"desktop":{"background-color":"var(--ast-global-color-4)","background-image":"","background-repeat":"repeat","background-position":"center center","background-size":"auto","background-attachment":"scroll","background-type":"","background-media":"","overlay-type":"","overlay-color":"","overlay-opacity":"","overlay-gradient":""},"tablet":{"background-color":"var(--ast-global-color-4)","background-image":"","background-repeat":"repeat","background-position":"center center","background-size":"auto","background-attachment":"scroll","background-type":"","background-media":"","overlay-type":"","overlay-color":"","overlay-opacity":"","overlay-gradient":""},"mobile":{"background-color":"var(--ast-global-color-4)","background-image":"","background-repeat":"repeat","background-position":"center center","background-size":"auto","background-attachment":"scroll","background-type":"","background-media":"","overlay-type":"","overlay-color":"","overlay-opacity":"","overlay-gradient":""}},"footnotes":""},"class_list":["post-128","page","type-page","status-publish","hentry"],"_links":{"self":[{"href":"https:\/\/tpdeblin.pl\/index.php?rest_route=\/wp\/v2\/pages\/128","targetHints":{"allow":["GET"]}}],"collection":[{"href":"https:\/\/tpdeblin.pl\/index.php?rest_route=\/wp\/v2\/pages"}],"about":[{"href":"https:\/\/tpdeblin.pl\/index.php?rest_route=\/wp\/v2\/types\/page"}],"author":[{"embeddable":true,"href":"https:\/\/tpdeblin.pl\/index.php?rest_route=\/wp\/v2\/users\/1"}],"replies":[{"embeddable":true,"href":"https:\/\/tpdeblin.pl\/index.php?rest_route=%2Fwp%2Fv2%2Fcomments&post=128"}],"version-history":[{"count":0,"href":"https:\/\/tpdeblin.pl\/index.php?rest_route=\/wp\/v2\/pages\/128\/revisions"}],"wp:attachment":[{"href":"https:\/\/tpdeblin.pl\/index.php?rest_route=%2Fwp%2Fv2%2Fmedia&parent=128"}],"curies":[{"name":"wp","href":"https:\/\/api.w.org\/{rel}","templated":true}]}}