{"id":73,"date":"2022-02-22T16:57:48","date_gmt":"2022-02-22T16:57:48","guid":{"rendered":"https:\/\/tpdeblin.pl\/about\/"},"modified":"2022-02-22T16:57:48","modified_gmt":"2022-02-22T16:57:48","slug":"about","status":"publish","type":"page","link":"https:\/\/tpdeblin.pl\/?page_id=73","title":{"rendered":"O nas"},"content":{"rendered":"<p><span style=\"color: #000000;\"><strong>Towarzystwo Przyjaci\u00f3\u0142 D\u0119blina<\/strong><\/span> powsta\u0142o w 1978 roku z inicjatywy gen. bryg. J\u00f3zefa Kowalskiego, komendanta \u00f3wczesnej Wy\u017cszej Oficerskiej Szko\u0142y Lotniczej.<\/p>\n<p>Od tamtego czasu przez ponad 40 lat Towarzystwo prowadzi dzia\u0142alno\u015b\u0107 na rzecz miasta i jego mieszka\u0144c\u00f3w.<\/p>\n<p>Celem dzia\u0142alno\u015bci jest w szczeg\u00f3lno\u015bci rozw\u00f3j duchowy, spo\u0142eczny i kulturalny mieszka\u0144c\u00f3w, prowadzenie bada\u0144 nad przesz\u0142o\u015bci\u0105 D\u0119blina i okolic oraz promocja walor\u00f3w spo\u0142eczno-gospodarczych, kulturalnych i turystycznych miasta.<\/p>\n","protected":false},"excerpt":{"rendered":"<p>Towarzystwo Przyjaci\u00f3\u0142 D\u0119blina powsta\u0142o w 1978 roku z inicjatywy gen. bryg. J\u00f3zefa Kowalskiego, komendanta \u00f3wczesnej Wy\u017cszej Oficerskiej Szko\u0142y Lotniczej. Od [&hellip;]<\/p>\n","protected":false},"author":1,"featured_media":0,"parent":0,"menu_order":0,"comment_status":"closed","ping_status":"closed","template":"","meta":{"site-sidebar-layout":"default","site-content-layout":"","ast-site-content-layout":"default","site-content-style":"default","site-sidebar-style":"default","ast-global-header-display":"","ast-banner-title-visibility":"","ast-main-header-display":"","ast-hfb-above-header-display":"","ast-hfb-below-header-display":"","ast-hfb-mobile-header-display":"","site-post-title":"","ast-breadcrumbs-content":"","ast-featured-img":"","footer-sml-layout":"","ast-disable-related-posts":"","theme-transparent-header-meta":"","adv-header-id-meta":"","stick-header-meta":"","header-above-stick-meta":"","header-main-stick-meta":"","header-below-stick-meta":"","astra-migrate-meta-layouts":"default","ast-page-background-enabled":"default","ast-page-background-meta":{"desktop":{"background-color":"var(--ast-global-color-5)","background-image":"","background-repeat":"repeat","background-position":"center center","background-size":"auto","background-attachment":"scroll","background-type":"","background-media":"","overlay-type":"","overlay-color":"","overlay-opacity":"","overlay-gradient":""},"tablet":{"background-color":"","background-image":"","background-repeat":"repeat","background-position":"center center","background-size":"auto","background-attachment":"scroll","background-type":"","background-media":"","overlay-type":"","overlay-color":"","overlay-opacity":"","overlay-gradient":""},"mobile":{"background-color":"","background-image":"","background-repeat":"repeat","background-position":"center center","background-size":"auto","background-attachment":"scroll","background-type":"","background-media":"","overlay-type":"","overlay-color":"","overlay-opacity":"","overlay-gradient":""}},"ast-content-background-meta":{"desktop":{"background-color":"var(--ast-global-color-4)","background-image":"","background-repeat":"repeat","background-position":"center center","background-size":"auto","background-attachment":"scroll","background-type":"","background-media":"","overlay-type":"","overlay-color":"","overlay-opacity":"","overlay-gradient":""},"tablet":{"background-color":"var(--ast-global-color-4)","background-image":"","background-repeat":"repeat","background-position":"center center","background-size":"auto","background-attachment":"scroll","background-type":"","background-media":"","overlay-type":"","overlay-color":"","overlay-opacity":"","overlay-gradient":""},"mobile":{"background-color":"var(--ast-global-color-4)","background-image":"","background-repeat":"repeat","background-position":"center center","background-size":"auto","background-attachment":"scroll","background-type":"","background-media":"","overlay-type":"","overlay-color":"","overlay-opacity":"","overlay-gradient":""}},"footnotes":""},"class_list":["post-73","page","type-page","status-publish","hentry"],"_links":{"self":[{"href":"https:\/\/tpdeblin.pl\/index.php?rest_route=\/wp\/v2\/pages\/73","targetHints":{"allow":["GET"]}}],"collection":[{"href":"https:\/\/tpdeblin.pl\/index.php?rest_route=\/wp\/v2\/pages"}],"about":[{"href":"https:\/\/tpdeblin.pl\/index.php?rest_route=\/wp\/v2\/types\/page"}],"author":[{"embeddable":true,"href":"https:\/\/tpdeblin.pl\/index.php?rest_route=\/wp\/v2\/users\/1"}],"replies":[{"embeddable":true,"href":"https:\/\/tpdeblin.pl\/index.php?rest_route=%2Fwp%2Fv2%2Fcomments&post=73"}],"version-history":[{"count":0,"href":"https:\/\/tpdeblin.pl\/index.php?rest_route=\/wp\/v2\/pages\/73\/revisions"}],"wp:attachment":[{"href":"https:\/\/tpdeblin.pl\/index.php?rest_route=%2Fwp%2Fv2%2Fmedia&parent=73"}],"curies":[{"name":"wp","href":"https:\/\/api.w.org\/{rel}","templated":true}]}}